{"id":18,"date":"2025-02-04T15:09:42","date_gmt":"2025-02-04T18:09:42","guid":{"rendered":"https:\/\/globalcargo.danielnardes.com\/?page_id=18"},"modified":"2025-02-26T06:36:59","modified_gmt":"2025-02-26T09:36:59","slug":"empresa","status":"publish","type":"page","link":"https:\/\/globalcargo.danielnardes.com\/en\/empresa\/","title":{"rendered":"Empresa"},"content":{"rendered":"<section class=\"l-section wpb_row height_medium\"><div class=\"l-section-h i-cf\"><div class=\"g-cols vc_row via_grid cols_1 laptops-cols_inherit tablets-cols_inherit mobiles-cols_1 valign_top type_default stacking_default\"><div class=\"wpb_column vc_column_container\"><div class=\"vc_column-inner\"><div class=\"wpb_text_column us_custom_d579d53b text-block-inherit us_animate_this\"><div class=\"wpb_wrapper\"><h2>Conhe\u00e7a <br \/>a global<\/h2>\n<\/div><\/div><div class=\"g-cols wpb_row company-about via_grid cols_custom laptops-cols_inherit tablets-cols_2 mobiles-cols_1 valign_top type_default stacking_default\" style=\"grid-gap:4rem;--custom-columns:calc(470px - 3rem) 1fr 1fr\"><div class=\"wpb_column vc_column_container us_custom_4ceebc3a company-about-first-col us_animate_this\"><div class=\"vc_column-inner\"><div class=\"wpb_text_column us_custom_5b4407d9 has_text_color\"><div class=\"wpb_wrapper\"><p>A Global Cargo desenvolve suas atividades na \u00e1rea de Log\u00edstica e Supply Chain desde 1996. Prestamos consultoria e desenvolvemos solu\u00e7\u00f5es para cada tipo de embarque, do simples ao complexo.<\/p>\n<\/div><\/div><div class=\"w-image us_custom_31226ba2 image-fit-tag align_none\"><div class=\"w-image-h\"><img loading=\"lazy\" decoding=\"async\" width=\"428\" height=\"285\" src=\"https:\/\/globalcargo.danielnardes.com\/wp-content\/uploads\/2025\/02\/globalcargo-empresa-deposito.jpg\" class=\"attachment-full size-full\" alt=\"\" srcset=\"https:\/\/globalcargo.danielnardes.com\/wp-content\/uploads\/2025\/02\/globalcargo-empresa-deposito.jpg 428w, https:\/\/globalcargo.danielnardes.com\/wp-content\/uploads\/2025\/02\/globalcargo-empresa-deposito-300x200.jpg 300w\" sizes=\"auto, (max-width: 428px) 100vw, 428px\" \/><\/div><\/div><\/div><\/div><div class=\"wpb_column vc_column_container us_custom_575b987f us_animate_this\"><div class=\"vc_column-inner\"><div class=\"wpb_text_column\"><div class=\"wpb_wrapper\"><p style=\"text-align: left;\">A estrat\u00e9gica localiza\u00e7\u00e3o de Miami, junto com o moderno e \u00e1gil sistema portu\u00e1rio, ferrovi\u00e1rio, a\u00e9reo e mar\u00edtimo contribu\u00edram para tornar Miami o \u201chub\u201d para a Am\u00e9rica Latina. Produtos de todas as proced\u00eancias chegam a Miami para serem embarcados.<\/p>\n<p>Por essa raz\u00e3o combinamos sede em Miami e bases em outras partes do continente, proporcionando assim um completo servi\u00e7o a pequenas, medias e grandes empresas.Por contar com suporte de tecnologia, oferecemos m\u00faltiplas solu\u00e7\u00f5es em log\u00edstica e gerenciamento dos embarques.<\/p>\n<\/div><\/div><\/div><\/div><div class=\"wpb_column vc_column_container us_custom_2fb981ac us_animate_this\"><div class=\"vc_column-inner\"><div class=\"wpb_text_column\"><div class=\"wpb_wrapper\"><p>A experi\u00eancia, treinamento e dedica\u00e7\u00e3o de uma equipe de profissionais bem capacitados e especializados no mercado internacional de cargas, se traduz em alternativas mais econ\u00f4micas, transporte mais eficiente e seguro para nossos clientes.<\/p>\n<p>A efici\u00eancia de nossa consultoria tem contribu\u00eddo para a expans\u00e3o de empresas que ap\u00f3s testarem nossos servi\u00e7os passaram a utilizar exclusivamente a Global Cargo.<\/p>\n<\/div><\/div><\/div><\/div><\/div><\/div><\/div><\/div><\/div><\/section><section class=\"l-section wpb_row us_custom_d4950e5f us_animate_this height_medium\"><div class=\"l-section-h i-cf\"><div class=\"g-cols vc_row via_grid cols_2 laptops-cols_inherit tablets-cols_1 mobiles-cols_1 valign_middle type_default reversed stacking_default\"><div class=\"wpb_column vc_column_container us_custom_ce4236c3 has_text_color us_animate_this\"><div class=\"vc_column-inner\"><div class=\"w-vwrapper us_custom_edb423b1 company-map-wrapper align_none valign_top\" style=\"--vwrapper-gap:0rem\"><div class=\"w-image us_custom_594b5de2 dot pin us_animate_this align_none\"><div class=\"w-image-h\"><img loading=\"lazy\" decoding=\"async\" width=\"61\" height=\"77\" src=\"https:\/\/globalcargo.danielnardes.com\/wp-content\/uploads\/2025\/02\/globalcargo-localizacao-icon.png\" class=\"attachment-full size-full\" alt=\"\" \/><\/div><\/div><div class=\"w-html us_custom_b3cc3b14 dot us_animate_this\"><span><\/span><\/div><div class=\"w-html us_custom_3e4c18ac dot us_animate_this\"><span><\/span><\/div><div class=\"w-html us_custom_a2b11ce8 dot us_animate_this\"><span><\/span><\/div><div class=\"w-html us_custom_1c56cf84 dot us_animate_this\"><span><\/span><\/div><div class=\"w-image align_none\"><div class=\"w-image-h\"><img loading=\"lazy\" decoding=\"async\" width=\"624\" height=\"417\" src=\"https:\/\/globalcargo.danielnardes.com\/wp-content\/uploads\/2025\/02\/globalcargo-mapa-us.png\" class=\"attachment-full size-full\" alt=\"\" srcset=\"https:\/\/globalcargo.danielnardes.com\/wp-content\/uploads\/2025\/02\/globalcargo-mapa-us.png 624w, https:\/\/globalcargo.danielnardes.com\/wp-content\/uploads\/2025\/02\/globalcargo-mapa-us-300x200.png 300w\" sizes=\"auto, (max-width: 624px) 100vw, 624px\" \/><\/div><\/div><\/div><\/div><\/div><div class=\"wpb_column vc_column_container us_custom_ec831bed has_text_color us_animate_this\"><div class=\"vc_column-inner\"><h3 class=\"w-text us_custom_058139f5\"><span class=\"w-text-h\"><span class=\"w-text-value\">Sede em Miami<\/span><\/span><\/h3><div class=\"wpb_text_column us_custom_dcd1bffd has_text_color\"><div class=\"wpb_wrapper\"><p>Nossa sede encontra-se em Miami\/FL, por\u00e9m contamos tamb\u00e9m com bases em: Nova Iorque, Houston, Chicago e Los Angeles.<\/p>\n<p>Com essa estrat\u00e9gica rede de estrutura podemos agilizar e diminuir os custos dos embarques, uma vez que embarcamos de qualquer parte do pa\u00eds.<\/p>\n<p>Limitar-se a embarcar desde um \u00fanico lugar \u00e9 tamb\u00e9m limitar as op\u00e7\u00f5es de valores, rotas e tempo de tr\u00e2nsito oferecido ao seu cliente.<\/p>\n<p>Por essa raz\u00e3o, \u00e9 altamente recomend\u00e1vel que o seu parceiro internacional possa dar o suporte em diversos estados, pontos-chave dentro do territ\u00f3rio americano.<\/p>\n<\/div><\/div><\/div><\/div><\/div><\/div><\/section><section class=\"l-section wpb_row us_custom_78c6ffde height_medium\"><div class=\"l-section-h i-cf\"><div class=\"g-cols vc_row via_grid cols_1 laptops-cols_inherit tablets-cols_inherit mobiles-cols_1 valign_top type_default stacking_default\"><div class=\"wpb_column vc_column_container us_custom_8fd44c07 overflow-hide us_animate_this has_bg_color\"><div class=\"vc_column-inner\"><div class=\"g-cols wpb_row via_grid cols_2 laptops-cols_inherit tablets-cols_1 mobiles-cols_1 valign_middle type_default stacking_default\"><div class=\"wpb_column vc_column_container us_custom_f0e06e1b has_text_color us_animate_this\"><div class=\"vc_column-inner\"><h3 class=\"w-text us_custom_fc9c0e27 has_text_color\"><span class=\"w-text-h\"><span class=\"w-text-value\">Globaliza\u00e7\u00e3o<\/span><\/span><\/h3><div class=\"wpb_text_column\"><div class=\"wpb_wrapper\"><p>Em tempo de globaliza\u00e7\u00e3o, a forma\u00e7\u00e3o de parcerias torna-se uma pr\u00e1tica necess\u00e1ria, quase obrigat\u00f3ria. Pode ser um ponto importante na curva de crescimento da sua empresa. Formar boas conex\u00f5es gera resultados mais expressivos e todos ganham.<\/p>\n<p>A Global Cargo conta com empresas parceiras, que uma vez unidas nesse mesmo prop\u00f3sito, se desenvolvem \u00e0 medida que nossa empresa cresce ainda mais.<\/p>\n<p>\u00c9 com grande satisfa\u00e7\u00e3o que temos acompanhado o crescimento de muitos clientes, que de pequenos volumes iniciais de carga, passaram a grandes importadores.<\/p>\n<p>Nossos clientes podem focar na globaliza\u00e7\u00e3o de sua empresa, enquanto n\u00f3s cuidamos das solu\u00e7\u00f5es que a sua empresa\u00a0necessita.<\/p>\n<\/div><\/div><\/div><\/div><div class=\"wpb_column vc_column_container us_custom_a565458a us_animate_this  hide_on_tablets hide_on_mobiles\"><div class=\"vc_column-inner\"><div class=\"w-image align_center\"><div class=\"w-image-h\"><img loading=\"lazy\" decoding=\"async\" width=\"388\" height=\"387\" src=\"https:\/\/globalcargo.danielnardes.com\/wp-content\/uploads\/2025\/02\/global-cargo-company-globe.png\" class=\"attachment-full size-full\" alt=\"\" srcset=\"https:\/\/globalcargo.danielnardes.com\/wp-content\/uploads\/2025\/02\/global-cargo-company-globe.png 388w, https:\/\/globalcargo.danielnardes.com\/wp-content\/uploads\/2025\/02\/global-cargo-company-globe-300x300.png 300w, https:\/\/globalcargo.danielnardes.com\/wp-content\/uploads\/2025\/02\/global-cargo-company-globe-150x150.png 150w\" sizes=\"auto, (max-width: 388px) 100vw, 388px\" \/><\/div><\/div><\/div><\/div><\/div><\/div><\/div><\/div><\/div><\/section><section class=\"l-section wpb_row us_custom_8bbf7968 height_medium\"><div class=\"l-section-h i-cf\"><div class=\"g-cols vc_row via_grid cols_2 laptops-cols_inherit tablets-cols_inherit mobiles-cols_1 valign_top type_default stacking_default\"><div class=\"wpb_column vc_column_container us_custom_4c50e643 overflow-hide us_animate_this has_bg_color\"><div class=\"vc_column-inner\"><div class=\"w-vwrapper us_custom_6603db28 align_none valign_top\"><h4 class=\"w-text us_custom_6745946f has_text_color\"><span class=\"w-text-h\"><span class=\"w-text-value\">Prazos e Custos<\/span><\/span><\/h4><div class=\"wpb_text_column\"><div class=\"wpb_wrapper\"><p style=\"text-align: left;\">Nosso Departamento de Pricing cuida de todos os contratos e negocia\u00e7\u00f5es com todos os provedores de servi\u00e7os, de transportadoras a companhias a\u00e9ras e mar\u00edtimas. Com isso, garantimos excelentes e competitivas tarifas para que voc\u00ea possa receber esses diferenciais junto a seu cliente.<\/p>\n<p style=\"text-align: left;\">Durante os processos de embarques contamos com empresas terceirizadas, que desempenham v\u00e1rios servi\u00e7os e fazem parte de nossa rede de contatos h\u00e1 mais de 23 anos.<\/p>\n<p style=\"text-align: left;\">Isso nos garante um percentual infinitamente maior no que diz respeito a assertividade e seguran\u00e7a de prazos de envios e recebimentos e o cliente se beneficia dessa rela\u00e7\u00e3o duradoura que diminui o risco do neg\u00f3cio.<\/p>\n<\/div><\/div><\/div><div class=\"w-image us_custom_94bade41 image-fit-tag align_none\"><div class=\"w-image-h\"><img loading=\"lazy\" decoding=\"async\" width=\"1196\" height=\"600\" src=\"https:\/\/globalcargo.danielnardes.com\/wp-content\/uploads\/2025\/02\/global-cargo-company-costs.jpg\" class=\"attachment-full size-full\" alt=\"\" srcset=\"https:\/\/globalcargo.danielnardes.com\/wp-content\/uploads\/2025\/02\/global-cargo-company-costs.jpg 1196w, https:\/\/globalcargo.danielnardes.com\/wp-content\/uploads\/2025\/02\/global-cargo-company-costs-300x151.jpg 300w, https:\/\/globalcargo.danielnardes.com\/wp-content\/uploads\/2025\/02\/global-cargo-company-costs-1024x514.jpg 1024w\" sizes=\"auto, (max-width: 1196px) 100vw, 1196px\" \/><\/div><\/div><\/div><\/div><div class=\"wpb_column vc_column_container us_custom_b1a6356d overflow-hide us_animate_this has_bg_color\"><div class=\"vc_column-inner\"><div class=\"w-vwrapper us_custom_6603db28 align_none valign_top\"><h4 class=\"w-text us_custom_6745946f has_text_color\"><span class=\"w-text-h\"><span class=\"w-text-value\">Parceria<\/span><\/span><\/h4><div class=\"wpb_text_column\"><div class=\"wpb_wrapper\"><p>Oportuna \u00e9 a situa\u00e7\u00e3o em que empresas parceiras possuem uma caracter\u00edstica de auto complementa\u00e7\u00e3o ao inv\u00e9s de total similaridade. Essa circunst\u00e2ncia pode gerar valor \u00e0 ambas as partes.<\/p>\n<p>O monitoramento de resultados \u00e9 essencial para o aperfei\u00e7oamento da parceria, tendo em vista que a rela\u00e7\u00e3o ser\u00e1 lapidada em etapas. Enfim, todo esse processo \u00e9 capaz de originar uma rela\u00e7\u00e3o duradoura e o resultado deve ser ganha-ganha para todas as partes envolvidas nesse relacionamento.<\/p>\n<p>A Global Cargo conta com empresas parceiras de longa data, s\u00e3o mais de 23 anos provendo solu\u00e7\u00f5es em log\u00edstica com seriedade e comprometimento suficientes para sermos atualmente considerados uma das melhores empresas americanas que atuam no mercado se destacando em proporcionar uma excelente experi\u00eancia aos clientes.<\/p>\n<\/div><\/div><\/div><div class=\"w-image us_custom_94bade41 image-fit-tag align_none\"><div class=\"w-image-h\"><img loading=\"lazy\" decoding=\"async\" width=\"1271\" height=\"600\" src=\"https:\/\/globalcargo.danielnardes.com\/wp-content\/uploads\/2025\/02\/global-cargo-company-cia.jpg\" class=\"attachment-full size-full\" alt=\"\" srcset=\"https:\/\/globalcargo.danielnardes.com\/wp-content\/uploads\/2025\/02\/global-cargo-company-cia.jpg 1271w, https:\/\/globalcargo.danielnardes.com\/wp-content\/uploads\/2025\/02\/global-cargo-company-cia-300x142.jpg 300w, https:\/\/globalcargo.danielnardes.com\/wp-content\/uploads\/2025\/02\/global-cargo-company-cia-1024x483.jpg 1024w\" sizes=\"auto, (max-width: 1271px) 100vw, 1271px\" \/><\/div><\/div><\/div><\/div><\/div><\/div><\/section>\n","protected":false},"excerpt":{"rendered":"Conhe\u00e7a a global A Global Cargo desenvolve suas atividades na \u00e1rea de Log\u00edstica e Supply Chain desde 1996. Prestamos consultoria e desenvolvemos solu\u00e7\u00f5es para cada tipo de embarque, do simples ao complexo. A estrat\u00e9gica localiza\u00e7\u00e3o de Miami, junto com o moderno e \u00e1gil sistema portu\u00e1rio, ferrovi\u00e1rio, a\u00e9reo e mar\u00edtimo contribu\u00edram para tornar Miami o \u201chub\u201d...","protected":false},"author":1,"featured_media":0,"parent":0,"menu_order":20,"comment_status":"closed","ping_status":"closed","template":"","meta":{"footnotes":""},"class_list":["post-18","page","type-page","status-publish","hentry"],"_links":{"self":[{"href":"https:\/\/globalcargo.danielnardes.com\/en\/wp-json\/wp\/v2\/pages\/18","targetHints":{"allow":["GET"]}}],"collection":[{"href":"https:\/\/globalcargo.danielnardes.com\/en\/wp-json\/wp\/v2\/pages"}],"about":[{"href":"https:\/\/globalcargo.danielnardes.com\/en\/wp-json\/wp\/v2\/types\/page"}],"author":[{"embeddable":true,"href":"https:\/\/globalcargo.danielnardes.com\/en\/wp-json\/wp\/v2\/users\/1"}],"replies":[{"embeddable":true,"href":"https:\/\/globalcargo.danielnardes.com\/en\/wp-json\/wp\/v2\/comments?post=18"}],"version-history":[{"count":0,"href":"https:\/\/globalcargo.danielnardes.com\/en\/wp-json\/wp\/v2\/pages\/18\/revisions"}],"wp:attachment":[{"href":"https:\/\/globalcargo.danielnardes.com\/en\/wp-json\/wp\/v2\/media?parent=18"}],"curies":[{"name":"wp","href":"https:\/\/api.w.org\/{rel}","templated":true}]}}