{"id":20,"date":"2025-02-04T15:10:10","date_gmt":"2025-02-04T18:10:10","guid":{"rendered":"https:\/\/globalcargo.danielnardes.com\/?page_id=20"},"modified":"2025-02-21T11:44:03","modified_gmt":"2025-02-21T14:44:03","slug":"servicos","status":"publish","type":"page","link":"https:\/\/globalcargo.danielnardes.com\/en\/servicos\/","title":{"rendered":"Servi\u00e7os"},"content":{"rendered":"<section class=\"l-section wpb_row us_custom_d452b672 height_medium\"><div class=\"l-section-h i-cf\"><div class=\"g-cols vc_row via_grid cols_custom laptops-cols_inherit tablets-cols_inherit mobiles-cols_1 valign_top type_default stacking_default\" style=\"--custom-columns:calc(470px - 3rem) 1fr\"><div class=\"wpb_column vc_column_container us_custom_60e9caca us_animate_this\"><div class=\"vc_column-inner\"><h2 class=\"w-text us_custom_058139f5\"><span class=\"w-text-h\"><span class=\"w-text-value\">Excel\u00eancia e variedade  de servi\u00e7os<\/span><\/span><\/h2><div class=\"wpb_text_column us_custom_6745946f has_text_color\"><div class=\"wpb_wrapper\"><p>Nossa cadeia de parceiros ao redor do mundo nos possibilita oferecer excel\u00eancia e variedade de servi\u00e7os n\u00e3o somente nos EUA, mas em qualquer parte do mundo. Nossa equipe oferece uma completa linha de solu\u00e7\u00f5es porta a porta, customizadas de acordo com a necessidade de cada empresa.<\/p>\n<\/div><\/div><\/div><\/div><div class=\"wpb_column vc_column_container us_custom_4dd47716 column-image-fit us_animate_this  hide_on_mobiles\"><div class=\"vc_column-inner\"><div class=\"w-image us_custom_346b96ff column-image-fit-tag align_none\"><div class=\"w-image-h\"><img loading=\"lazy\" decoding=\"async\" width=\"1065\" height=\"600\" src=\"https:\/\/globalcargo.danielnardes.com\/wp-content\/uploads\/2025\/02\/global-cargo-home-services-image-02.jpg\" class=\"attachment-full size-full\" alt=\"\" srcset=\"https:\/\/globalcargo.danielnardes.com\/wp-content\/uploads\/2025\/02\/global-cargo-home-services-image-02.jpg 1065w, https:\/\/globalcargo.danielnardes.com\/wp-content\/uploads\/2025\/02\/global-cargo-home-services-image-02-300x169.jpg 300w, https:\/\/globalcargo.danielnardes.com\/wp-content\/uploads\/2025\/02\/global-cargo-home-services-image-02-1024x577.jpg 1024w\" sizes=\"auto, (max-width: 1065px) 100vw, 1065px\" \/><\/div><\/div><\/div><\/div><\/div><\/div><\/section><section class=\"l-section wpb_row us_custom_fdd92053 us_animate_this height_medium\"><div class=\"l-section-h i-cf\"><div class=\"g-cols vc_row via_grid cols_2 laptops-cols_inherit tablets-cols_inherit mobiles-cols_1 valign_top type_default stacking_default\" style=\"grid-gap:2rem;\"><div class=\"wpb_column vc_column_container\"><div class=\"vc_column-inner\"><div class=\"g-cols wpb_row via_grid cols_1 laptops-cols_inherit tablets-cols_inherit mobiles-cols_1 valign_top type_default stacking_default\" style=\"grid-gap:2rem;\"><div class=\"wpb_column vc_column_container us_custom_2ceac3bd overflow-hide us_animate_this has_bg_color\"><div class=\"vc_column-inner\"><div class=\"w-vwrapper us_custom_4bd39746 align_left valign_top\" style=\"--vwrapper-gap:0rem\"><div class=\"w-hwrapper us_custom_f2eec366 align_none valign_top wrap\" style=\"--hwrapper-gap:0rem\"><div class=\"w-image us_custom_c96e572c align_left\"><div class=\"w-image-h\"><img loading=\"lazy\" decoding=\"async\" width=\"36\" height=\"36\" src=\"https:\/\/globalcargo.danielnardes.com\/wp-content\/uploads\/2025\/02\/global-cargo-home-services-icon-01.png\" class=\"attachment-full size-full\" alt=\"\" \/><\/div><\/div><div class=\"wpb_text_column us_custom_6745946f has_text_color\"><div class=\"wpb_wrapper\"><h4 style=\"text-align: left;\">Embarques <br \/>A\u00e9reos<\/h4>\n<\/div><\/div><\/div><div class=\"wpb_text_column us_custom_4f24afa8\"><div class=\"wpb_wrapper\"><p>Possu\u00edmos contratos com todas as companhias a\u00e9reas para oferecer uma variedade de op\u00e7\u00f5es customizadas \u00e0 sua necessidade. Nosso Departamento de Pricing cuida das negocia\u00e7\u00f5es com as empresas, para garantirmos sempre \u00f3timas tarifas.<\/p>\n<p>Contamos com relacionamento e suporte direto por parte das melhores companhias a\u00e9reas, nossas parceiras de longa data. Oferecemos solu\u00e7\u00f5es diferenciadas de embarques, flex\u00edveis, e diversas op\u00e7\u00f5es de rotas e tempo de tr\u00e2nsito, para que possamos customizar \u00e0 sua necessidade. Atendemos embarques de qualquer parte a qualquer parte do mundo.<\/p>\n<\/div><\/div><div class=\"w-btn-wrapper align_none\"><a class=\"w-btn us-btn-style_2 us_custom_29a0f245 icon_atright\" href=\"#\"><span class=\"w-btn-label\">Veja exemplos e medidas de containers<\/span><i class=\"material-icons\">arrow_forward_ios<\/i><\/a><\/div><\/div><div class=\"w-image us_custom_5db9090e image-fit-tag align_none\"><div class=\"w-image-h\"><img loading=\"lazy\" decoding=\"async\" width=\"756\" height=\"413\" src=\"https:\/\/globalcargo.danielnardes.com\/wp-content\/uploads\/2025\/02\/global-cargo-services-img-01.jpg\" class=\"attachment-full size-full\" alt=\"\" srcset=\"https:\/\/globalcargo.danielnardes.com\/wp-content\/uploads\/2025\/02\/global-cargo-services-img-01.jpg 756w, https:\/\/globalcargo.danielnardes.com\/wp-content\/uploads\/2025\/02\/global-cargo-services-img-01-300x164.jpg 300w\" sizes=\"auto, (max-width: 756px) 100vw, 756px\" \/><\/div><\/div><\/div><\/div><div class=\"wpb_column vc_column_container us_custom_2ceac3bd overflow-hide us_animate_this has_bg_color\"><div class=\"vc_column-inner\"><div class=\"w-vwrapper us_custom_4bd39746 align_left valign_top\" style=\"--vwrapper-gap:0rem\"><div class=\"w-hwrapper us_custom_f2eec366 align_none valign_top wrap\" style=\"--hwrapper-gap:0rem\"><div class=\"w-image us_custom_c96e572c align_left\"><div class=\"w-image-h\"><img loading=\"lazy\" decoding=\"async\" width=\"36\" height=\"36\" src=\"https:\/\/globalcargo.danielnardes.com\/wp-content\/uploads\/2025\/02\/global-cargo-home-services-icon-03.png\" class=\"attachment-full size-full\" alt=\"\" \/><\/div><\/div><div class=\"wpb_text_column us_custom_6745946f has_text_color\"><div class=\"wpb_wrapper\"><h4 style=\"text-align: left;\">Transporte <br \/>Terrestre<\/h4>\n<\/div><\/div><\/div><div class=\"wpb_text_column\"><div class=\"wpb_wrapper\"><p>Utilizamos uma rede de transportadoras confi\u00e1veis provedoras de servi\u00e7os de transporte dom\u00e9stico. Nosso Departamento de Intermodal designa a transportadora que ir\u00e1 coletar ou entregar as cargas de acordo com suas caracter\u00edsticas, tendo em vista as particularidades de cada processo.<\/p>\n<p>Podemos oferecer servi\u00e7os regulares ou expressos, transportes refrigerados, caminh\u00f5es com certas especificidades, entre outras vari\u00e1veis, para atender \u00e0s necessidades de cada embarque.<\/p>\n<\/div><\/div><\/div><div class=\"w-image us_custom_5db9090e image-fit-tag align_none\"><div class=\"w-image-h\"><img loading=\"lazy\" decoding=\"async\" width=\"592\" height=\"289\" src=\"https:\/\/globalcargo.danielnardes.com\/wp-content\/uploads\/2025\/02\/global-cargo-services-img-02.jpg\" class=\"attachment-full size-full\" alt=\"\" srcset=\"https:\/\/globalcargo.danielnardes.com\/wp-content\/uploads\/2025\/02\/global-cargo-services-img-02.jpg 592w, https:\/\/globalcargo.danielnardes.com\/wp-content\/uploads\/2025\/02\/global-cargo-services-img-02-300x146.jpg 300w\" sizes=\"auto, (max-width: 592px) 100vw, 592px\" \/><\/div><\/div><\/div><\/div><div class=\"wpb_column vc_column_container us_custom_2ceac3bd overflow-hide us_animate_this has_bg_color\"><div class=\"vc_column-inner\"><div class=\"w-vwrapper us_custom_4bd39746 align_left valign_top\" style=\"--vwrapper-gap:0rem\"><div class=\"w-hwrapper us_custom_f2eec366 align_none valign_top wrap\" style=\"--hwrapper-gap:0rem\"><div class=\"w-image us_custom_c96e572c align_left\"><div class=\"w-image-h\"><img loading=\"lazy\" decoding=\"async\" width=\"36\" height=\"36\" src=\"https:\/\/globalcargo.danielnardes.com\/wp-content\/uploads\/2025\/02\/global-cargo-home-services-icon-05.png\" class=\"attachment-full size-full\" alt=\"\" \/><\/div><\/div><div class=\"wpb_text_column us_custom_6745946f has_text_color\"><div class=\"wpb_wrapper\"><h4 style=\"text-align: left;\">Servi\u00e7os <br \/>alfandeg\u00e1rios<\/h4>\n<\/div><\/div><\/div><div class=\"wpb_text_column\"><div class=\"wpb_wrapper\"><p>Somos armaz\u00e9m alfandeg\u00e1rio, o que facilita a sua log\u00edstica e diminui os custos do processo.<\/p>\n<p>Elaboramos toda a documenta\u00e7\u00e3o necess\u00e1ria e acompanhamos o processo junto \u00e0s autoridades reguladoras. Nossos despachantes s\u00e3o experientes e isso \u00e9 fator decisivo para n\u00e3o ocorrerem atrasos desnecess\u00e1rios.<\/p>\n<p>Coordenamos retiradas de cargas nos aeroportos\/portos em tempo ideal, evitando aumento de custos e coordenamos a entrega na localiza\u00e7\u00e3o do importador.<\/p>\n<\/div><\/div><\/div><div class=\"w-image us_custom_5db9090e image-fit-tag align_none\"><div class=\"w-image-h\"><img loading=\"lazy\" decoding=\"async\" width=\"592\" height=\"345\" src=\"https:\/\/globalcargo.danielnardes.com\/wp-content\/uploads\/2025\/02\/global-cargo-services-img-03.jpg\" class=\"attachment-full size-full\" alt=\"\" srcset=\"https:\/\/globalcargo.danielnardes.com\/wp-content\/uploads\/2025\/02\/global-cargo-services-img-03.jpg 592w, https:\/\/globalcargo.danielnardes.com\/wp-content\/uploads\/2025\/02\/global-cargo-services-img-03-300x175.jpg 300w\" sizes=\"auto, (max-width: 592px) 100vw, 592px\" \/><\/div><\/div><\/div><\/div><div class=\"wpb_column vc_column_container us_custom_2ceac3bd overflow-hide us_animate_this has_bg_color\"><div class=\"vc_column-inner\"><div class=\"w-vwrapper us_custom_4bd39746 align_left valign_top\" style=\"--vwrapper-gap:0rem\"><div class=\"w-hwrapper us_custom_f2eec366 align_none valign_top wrap\" style=\"--hwrapper-gap:0rem\"><div class=\"w-image us_custom_c96e572c align_left\"><div class=\"w-image-h\"><img loading=\"lazy\" decoding=\"async\" width=\"36\" height=\"36\" src=\"https:\/\/globalcargo.danielnardes.com\/wp-content\/uploads\/2025\/02\/global-cargo-home-services-icon-07.png\" class=\"attachment-full size-full\" alt=\"\" \/><\/div><\/div><div class=\"wpb_text_column us_custom_6745946f has_text_color\"><div class=\"wpb_wrapper\"><h4 style=\"text-align: left;\">Distribui\u00e7\u00e3o<\/h4>\n<\/div><\/div><\/div><div class=\"wpb_text_column\"><div class=\"wpb_wrapper\"><p>Coordenamos a distribui\u00e7\u00e3o de cargas aos destinos, bem como todos os aspectos inerentes a esse servi\u00e7o.<\/p>\n<p>Elaboramos um plano estrat\u00e9gico em caso de grandes volumes e cargas que requeiram tratamento especial.<\/p>\n<\/div><\/div><\/div><div class=\"w-image us_custom_5db9090e image-fit-tag align_none\"><div class=\"w-image-h\"><img loading=\"lazy\" decoding=\"async\" width=\"592\" height=\"289\" src=\"https:\/\/globalcargo.danielnardes.com\/wp-content\/uploads\/2025\/02\/global-cargo-services-img-04.jpg\" class=\"attachment-full size-full\" alt=\"\" srcset=\"https:\/\/globalcargo.danielnardes.com\/wp-content\/uploads\/2025\/02\/global-cargo-services-img-04.jpg 592w, https:\/\/globalcargo.danielnardes.com\/wp-content\/uploads\/2025\/02\/global-cargo-services-img-04-300x146.jpg 300w\" sizes=\"auto, (max-width: 592px) 100vw, 592px\" \/><\/div><\/div><\/div><\/div><\/div><\/div><\/div><div class=\"wpb_column vc_column_container\"><div class=\"vc_column-inner\"><div class=\"g-cols wpb_row via_grid cols_1 laptops-cols_inherit tablets-cols_inherit mobiles-cols_1 valign_top type_default stacking_default\" style=\"grid-gap:2rem;\"><div class=\"wpb_column vc_column_container us_custom_9d4de239 overflow-hide us_animate_this has_bg_color\"><div class=\"vc_column-inner\"><div class=\"w-vwrapper us_custom_4bd39746 align_left valign_top\" style=\"--vwrapper-gap:0rem\"><div class=\"w-hwrapper us_custom_f2eec366 align_none valign_top wrap\" style=\"--hwrapper-gap:0rem\"><div class=\"w-image us_custom_c96e572c align_left\"><div class=\"w-image-h\"><img loading=\"lazy\" decoding=\"async\" width=\"36\" height=\"36\" src=\"https:\/\/globalcargo.danielnardes.com\/wp-content\/uploads\/2025\/02\/global-cargo-home-services-icon-02.png\" class=\"attachment-full size-full\" alt=\"\" \/><\/div><\/div><div class=\"wpb_text_column us_custom_6745946f has_text_color\"><div class=\"wpb_wrapper\"><h4 style=\"text-align: left;\">Embarques <br \/>Mar\u00edtimos<\/h4>\n<\/div><\/div><\/div><div class=\"wpb_text_column us_custom_4f24afa8\"><div class=\"wpb_wrapper\"><p>Operamos como NVOCC, o que nos permite oferecer todas as op\u00e7\u00f5es em termos de embarques mar\u00edtimos. Possu\u00edmos contratos com todas as grandes companhias de navega\u00e7\u00e3o, al\u00e9m de uma rede de contatos com muitos agentes em todos os continentes. Podemos oferecer servi\u00e7o porta a porta ou porto a porto, para suprir as suas necessidades em cada embarque.<\/p>\n<p>Coordenamos FCL (full container load) e LCL (less than container load), al\u00e9m disso, operamos qualquer tipo de container: seco, refrigerado, open rack, flat rack.<\/p>\n<p>Possu\u00edmos vasta experi\u00eancia envolvendo embarques break bulk, Roll On-Roll Off, Carga Projeto e muito mais.<\/p>\n<p>Coordenamos a retirada com o exportador, bem como as alternativas para carregamento de containers. Al\u00e9m disso, em casos espec\u00edficos utilizamos a combina\u00e7\u00e3o ferrovi\u00e1ria-rodovi\u00e1ria para otimizar o tempo e diminuir os custos do transporte interno para o seu cliente.<\/p>\n<\/div><\/div><div class=\"w-btn-wrapper align_none\"><a class=\"w-btn us-btn-style_2 us_custom_29a0f245 icon_atright\" href=\"#\"><span class=\"w-btn-label\">Veja exemplos e medidas de containers<\/span><i class=\"material-icons\">arrow_forward_ios<\/i><\/a><\/div><\/div><div class=\"w-image us_custom_5db9090e image-fit-tag align_none\"><div class=\"w-image-h\"><img loading=\"lazy\" decoding=\"async\" width=\"614\" height=\"281\" src=\"https:\/\/globalcargo.danielnardes.com\/wp-content\/uploads\/2025\/02\/global-cargo-services-img-11.jpg\" class=\"attachment-full size-full\" alt=\"\" srcset=\"https:\/\/globalcargo.danielnardes.com\/wp-content\/uploads\/2025\/02\/global-cargo-services-img-11.jpg 614w, https:\/\/globalcargo.danielnardes.com\/wp-content\/uploads\/2025\/02\/global-cargo-services-img-11-300x137.jpg 300w\" sizes=\"auto, (max-width: 614px) 100vw, 614px\" \/><\/div><\/div><\/div><\/div><div class=\"wpb_column vc_column_container us_custom_9d4de239 overflow-hide us_animate_this has_bg_color\"><div class=\"vc_column-inner\"><div class=\"w-vwrapper us_custom_4bd39746 align_left valign_top\" style=\"--vwrapper-gap:0rem\"><div class=\"w-hwrapper us_custom_f2eec366 align_none valign_top wrap\" style=\"--hwrapper-gap:0rem\"><div class=\"w-image us_custom_c96e572c align_left\"><div class=\"w-image-h\"><img loading=\"lazy\" decoding=\"async\" width=\"36\" height=\"36\" src=\"https:\/\/globalcargo.danielnardes.com\/wp-content\/uploads\/2025\/02\/global-cargo-home-services-icon-08.png\" class=\"attachment-full size-full\" alt=\"\" \/><\/div><\/div><div class=\"wpb_text_column us_custom_6745946f has_text_color\"><div class=\"wpb_wrapper\"><h4 style=\"text-align: left;\">Servi\u00e7os <br \/>de Armaz\u00e9m<\/h4>\n<\/div><\/div><\/div><div class=\"wpb_text_column\"><div class=\"wpb_wrapper\"><p>Contamos com servi\u00e7o de monitoramento por c\u00e2meras 24\/7. Al\u00e9m disso, temos 8,000m2 de \u00e1rea capaz de comportar cargas de todos os tipos.<\/p>\n<p>Contamos tamb\u00e9m com um walk-in cooler com capacidade para mais de 20 pallets ou caixas. Dessa forma podemos atender a ind\u00fastria de cargas perec\u00edveis.<\/p>\n<p>Oferecemos todo tipo de servi\u00e7o de armaz\u00e9m, desde reembalagem, armazenagem, inspe\u00e7\u00e3o a cargas perigosas at\u00e9 prepara\u00e7\u00e3o de cargas projeto.<\/p>\n<\/div><\/div><\/div><div class=\"w-image us_custom_5db9090e image-fit-tag align_none\"><div class=\"w-image-h\"><img loading=\"lazy\" decoding=\"async\" width=\"593\" height=\"359\" src=\"https:\/\/globalcargo.danielnardes.com\/wp-content\/uploads\/2025\/02\/global-cargo-services-img-12.jpg\" class=\"attachment-full size-full\" alt=\"\" srcset=\"https:\/\/globalcargo.danielnardes.com\/wp-content\/uploads\/2025\/02\/global-cargo-services-img-12.jpg 593w, https:\/\/globalcargo.danielnardes.com\/wp-content\/uploads\/2025\/02\/global-cargo-services-img-12-300x182.jpg 300w\" sizes=\"auto, (max-width: 593px) 100vw, 593px\" \/><\/div><\/div><\/div><\/div><div class=\"wpb_column vc_column_container us_custom_9d4de239 overflow-hide us_animate_this has_bg_color\"><div class=\"vc_column-inner\"><div class=\"w-vwrapper us_custom_4bd39746 align_left valign_top\" style=\"--vwrapper-gap:0rem\"><div class=\"w-hwrapper us_custom_f2eec366 align_none valign_top wrap\" style=\"--hwrapper-gap:0rem\"><div class=\"w-image us_custom_c96e572c align_left\"><div class=\"w-image-h\"><img loading=\"lazy\" decoding=\"async\" width=\"36\" height=\"36\" src=\"https:\/\/globalcargo.danielnardes.com\/wp-content\/uploads\/2025\/02\/global-cargo-home-services-icon-06.png\" class=\"attachment-full size-full\" alt=\"\" \/><\/div><\/div><div class=\"wpb_text_column us_custom_6745946f has_text_color\"><div class=\"wpb_wrapper\"><h4 style=\"text-align: left;\">Seguro <br \/>de Carga<\/h4>\n<\/div><\/div><\/div><div class=\"wpb_text_column\"><div class=\"wpb_wrapper\"><p>A contrata\u00e7\u00e3o do seguro de cargas \u00e9 muito indicada, principalmente em casos de cargas de alto valor. Existem v\u00e1rios tipos de cobertura dispon\u00edveis no mercado e a an\u00e1lise do valor cobrado \u00e9 feita considerando-se entre outros aspectos a natureza da carga e o seu valor. Entre em contato com nosso departamento comercial para solicitar a sua cota\u00e7\u00e3o.<\/p>\n<\/div><\/div><\/div><div class=\"w-image us_custom_5db9090e image-fit-tag align_none\"><div class=\"w-image-h\"><img loading=\"lazy\" decoding=\"async\" width=\"1186\" height=\"500\" src=\"https:\/\/globalcargo.danielnardes.com\/wp-content\/uploads\/2025\/02\/global-cargo-services-img-13.jpg\" class=\"attachment-full size-full\" alt=\"\" srcset=\"https:\/\/globalcargo.danielnardes.com\/wp-content\/uploads\/2025\/02\/global-cargo-services-img-13.jpg 1186w, https:\/\/globalcargo.danielnardes.com\/wp-content\/uploads\/2025\/02\/global-cargo-services-img-13-300x126.jpg 300w, https:\/\/globalcargo.danielnardes.com\/wp-content\/uploads\/2025\/02\/global-cargo-services-img-13-1024x432.jpg 1024w\" sizes=\"auto, (max-width: 1186px) 100vw, 1186px\" \/><\/div><\/div><\/div><\/div><div class=\"wpb_column vc_column_container us_custom_9d4de239 overflow-hide us_animate_this has_bg_color\"><div class=\"vc_column-inner\"><div class=\"w-vwrapper us_custom_4bd39746 align_left valign_top\" style=\"--vwrapper-gap:0rem\"><div class=\"w-hwrapper us_custom_f2eec366 align_none valign_top wrap\" style=\"--hwrapper-gap:0rem\"><div class=\"w-image us_custom_c96e572c align_left\"><div class=\"w-image-h\"><img loading=\"lazy\" decoding=\"async\" width=\"36\" height=\"36\" src=\"https:\/\/globalcargo.danielnardes.com\/wp-content\/uploads\/2025\/02\/global-cargo-home-services-icon-04.png\" class=\"attachment-full size-full\" alt=\"\" \/><\/div><\/div><div class=\"wpb_text_column us_custom_6745946f has_text_color\"><div class=\"wpb_wrapper\"><h4 style=\"text-align: left;\">Consolida\u00e7\u00e3o <br \/>de Cargas<\/h4>\n<\/div><\/div><\/div><div class=\"wpb_text_column\"><div class=\"wpb_wrapper\"><p>Por contarmos com uma excelente infra-estrutura, disponibilizamos a nossos clientes a possibilidade de consolida\u00e7\u00e3o de suas cargas, beneficiando os mesmo com as nossas excelentes tarifas.<\/p>\n<\/div><\/div><\/div><div class=\"w-image us_custom_5db9090e image-fit-tag align_none\"><div class=\"w-image-h\"><img loading=\"lazy\" decoding=\"async\" width=\"593\" height=\"250\" src=\"https:\/\/globalcargo.danielnardes.com\/wp-content\/uploads\/2025\/02\/global-cargo-services-img-14.jpg\" class=\"attachment-full size-full\" alt=\"\" srcset=\"https:\/\/globalcargo.danielnardes.com\/wp-content\/uploads\/2025\/02\/global-cargo-services-img-14.jpg 593w, https:\/\/globalcargo.danielnardes.com\/wp-content\/uploads\/2025\/02\/global-cargo-services-img-14-300x126.jpg 300w\" sizes=\"auto, (max-width: 593px) 100vw, 593px\" \/><\/div><\/div><\/div><\/div><\/div><\/div><\/div><\/div><\/div><\/section><section class=\"l-section wpb_row us_custom_c037ec9d height_medium\"><div class=\"l-section-h i-cf\"><div class=\"g-cols vc_row via_grid cols_1 laptops-cols_inherit tablets-cols_inherit mobiles-cols_1 valign_top type_default stacking_default\"><div class=\"wpb_column vc_column_container us_custom_95ac088c s-cta overflow-hide has_bg_color has-link\"><div class=\"vc_column-inner\"><div class=\"g-cols wpb_row via_grid cols_2 laptops-cols_inherit tablets-cols_inherit mobiles-cols_1 valign_middle type_default stacking_default\" style=\"grid-gap:2rem;\"><div class=\"wpb_column vc_column_container us_custom_edb423b1 column-image-fit overflow-hide  hide_on_mobiles\"><div class=\"vc_column-inner\"><div class=\"w-image us_custom_0a731c65 s-cta-img column-image-fit-tag align_none\"><div class=\"w-image-h\"><img loading=\"lazy\" decoding=\"async\" width=\"1182\" height=\"500\" src=\"https:\/\/globalcargo.danielnardes.com\/wp-content\/uploads\/2025\/02\/global-cargo-services-cta-img.jpg\" class=\"attachment-full size-full\" alt=\"\" srcset=\"https:\/\/globalcargo.danielnardes.com\/wp-content\/uploads\/2025\/02\/global-cargo-services-cta-img.jpg 1182w, https:\/\/globalcargo.danielnardes.com\/wp-content\/uploads\/2025\/02\/global-cargo-services-cta-img-300x127.jpg 300w, https:\/\/globalcargo.danielnardes.com\/wp-content\/uploads\/2025\/02\/global-cargo-services-cta-img-1024x433.jpg 1024w\" sizes=\"auto, (max-width: 1182px) 100vw, 1182px\" \/><\/div><\/div><\/div><\/div><div class=\"wpb_column vc_column_container us_custom_eea1b8cc\"><div class=\"vc_column-inner\"><div class=\"w-hwrapper align_none valign_top\"><div class=\"wpb_text_column us_custom_f1fc3b07 has_text_color\"><div class=\"wpb_wrapper\"><h4>Fale conosco e <br \/>solicite um or\u00e7amento<\/h4>\n<\/div><\/div><\/div><\/div><\/div><\/div><\/div><a href=\"https:\/\/globalcargo.danielnardes.com\/contato\/\" class=\"vc_column-link smooth-scroll\" aria-label=\"Link\"><\/a><\/div><\/div><\/div><\/section>\n","protected":false},"excerpt":{"rendered":"Excel\u00eancia e variedade de servi\u00e7osNossa cadeia de parceiros ao redor do mundo nos possibilita oferecer excel\u00eancia e variedade de servi\u00e7os n\u00e3o somente nos EUA, mas em qualquer parte do mundo. Nossa equipe oferece uma completa linha de solu\u00e7\u00f5es porta a porta, customizadas de acordo com a necessidade de cada empresa. Embarques A\u00e9reos Possu\u00edmos contratos com...","protected":false},"author":1,"featured_media":0,"parent":0,"menu_order":30,"comment_status":"closed","ping_status":"closed","template":"","meta":{"footnotes":""},"class_list":["post-20","page","type-page","status-publish","hentry"],"_links":{"self":[{"href":"https:\/\/globalcargo.danielnardes.com\/en\/wp-json\/wp\/v2\/pages\/20","targetHints":{"allow":["GET"]}}],"collection":[{"href":"https:\/\/globalcargo.danielnardes.com\/en\/wp-json\/wp\/v2\/pages"}],"about":[{"href":"https:\/\/globalcargo.danielnardes.com\/en\/wp-json\/wp\/v2\/types\/page"}],"author":[{"embeddable":true,"href":"https:\/\/globalcargo.danielnardes.com\/en\/wp-json\/wp\/v2\/users\/1"}],"replies":[{"embeddable":true,"href":"https:\/\/globalcargo.danielnardes.com\/en\/wp-json\/wp\/v2\/comments?post=20"}],"version-history":[{"count":0,"href":"https:\/\/globalcargo.danielnardes.com\/en\/wp-json\/wp\/v2\/pages\/20\/revisions"}],"wp:attachment":[{"href":"https:\/\/globalcargo.danielnardes.com\/en\/wp-json\/wp\/v2\/media?parent=20"}],"curies":[{"name":"wp","href":"https:\/\/api.w.org\/{rel}","templated":true}]}}