{"id":26,"date":"2025-02-04T15:11:04","date_gmt":"2025-02-04T18:11:04","guid":{"rendered":"https:\/\/globalcargo.danielnardes.com\/?page_id=26"},"modified":"2025-04-16T09:47:55","modified_gmt":"2025-04-16T12:47:55","slug":"contato","status":"publish","type":"page","link":"https:\/\/globalcargo.danielnardes.com\/es\/contato\/","title":{"rendered":"Contato"},"content":{"rendered":"<section class=\"l-section wpb_row us_custom_c41998d0 height_medium\"><div class=\"l-section-h i-cf\"><div class=\"g-cols vc_row via_grid cols_custom laptops-cols_inherit tablets-cols_inherit mobiles-cols_1 valign_top type_default stacking_default\" style=\"--custom-columns:calc(470px - 3rem) 1fr\"><div class=\"wpb_column vc_column_container us_custom_cb7205d0 us_animate_this\"><div class=\"vc_column-inner\"><h2 class=\"w-text us_custom_dac609a7\"><span class=\"w-text-h\"><span class=\"w-text-value\">Fale conosco  e solicite  um or\u00e7amento<\/span><\/span><\/h2><div class=\"wpb_text_column us_custom_6745946f has_text_color\"><div class=\"wpb_wrapper\"><p>Entre em contato com a Global Cargo atrav\u00e9s dos nossos canais de comunica\u00e7\u00e3o<\/p>\n<\/div><\/div><\/div><\/div><div class=\"wpb_column vc_column_container us_custom_c18d1686 column-image-fit us_animate_this  hide_on_mobiles\"><div class=\"vc_column-inner\"><div class=\"w-image us_custom_346b96ff column-image-fit-tag align_none\"><div class=\"w-image-h\"><img loading=\"lazy\" decoding=\"async\" width=\"1182\" height=\"500\" src=\"https:\/\/globalcargo.danielnardes.com\/wp-content\/uploads\/2025\/02\/global-cargo-services-cta-img.jpg\" class=\"attachment-full size-full\" alt=\"\" srcset=\"https:\/\/globalcargo.danielnardes.com\/wp-content\/uploads\/2025\/02\/global-cargo-services-cta-img.jpg 1182w, https:\/\/globalcargo.danielnardes.com\/wp-content\/uploads\/2025\/02\/global-cargo-services-cta-img-300x127.jpg 300w, https:\/\/globalcargo.danielnardes.com\/wp-content\/uploads\/2025\/02\/global-cargo-services-cta-img-1024x433.jpg 1024w\" sizes=\"auto, (max-width: 1182px) 100vw, 1182px\" \/><\/div><\/div><\/div><\/div><\/div><\/div><\/section><section class=\"l-section wpb_row us_custom_eba7537a us_animate_this height_medium\"><div class=\"l-section-h i-cf\"><div class=\"g-cols vc_row via_grid cols_custom laptops-cols_inherit tablets-cols_inherit mobiles-cols_1 valign_top type_default stacking_default\" style=\"--custom-columns:calc(470px - 3rem) 1fr\"><div class=\"wpb_column vc_column_container us_custom_d77bca1a us_animate_this\"><div class=\"vc_column-inner\"><div class=\"g-cols wpb_row via_grid cols_1 laptops-cols_inherit tablets-cols_inherit mobiles-cols_1 valign_top type_default stacking_default\" style=\"grid-gap:1rem;\"><div class=\"wpb_column vc_column_container has-link\"><div class=\"vc_column-inner\"><div class=\"w-hwrapper us_custom_1bcac5fd has_text_color align_none valign_middle\" style=\"--hwrapper-gap:0.2rem\"><div class=\"w-text us_custom_2a9be550 icon_atleft\"><span class=\"w-text-h\"><i class=\"material-icons\">phone<\/i><span class=\"w-text-value\"><\/span><\/span><\/div><div class=\"w-text us_custom_b3db023f\"><span class=\"w-text-h\"><span class=\"w-text-value\">+1 (305) 513-8555<\/span><\/span><\/div><\/div><\/div><a target=\"_blank\" href=\"tel:+13055138555\" rel=\"noopener\" class=\"vc_column-link smooth-scroll\" aria-label=\"Enlace\"><\/a><\/div><div class=\"wpb_column vc_column_container has-link\"><div class=\"vc_column-inner\"><div class=\"w-hwrapper us_custom_1bcac5fd has_text_color align_none valign_middle\" style=\"--hwrapper-gap:0.2rem\"><div class=\"w-text us_custom_2a9be550 icon_atleft\"><span class=\"w-text-h\"><i class=\"material-icons\">mail_outline<\/i><span class=\"w-text-value\"><\/span><\/span><\/div><div class=\"w-text us_custom_b3db023f\"><span class=\"w-text-h\"><span class=\"w-text-value\">globalcargo@globalcargo.net<\/span><\/span><\/div><\/div><\/div><a target=\"_blank\" href=\"mailto:globalcargo@globalcargo.net\" rel=\"noopener\" class=\"vc_column-link smooth-scroll\" aria-label=\"Enlace\"><\/a><\/div><\/div><div class=\"w-image us_custom_f266fe0d  hide_on_mobiles align_none\"><div class=\"w-image-h\"><img loading=\"lazy\" decoding=\"async\" width=\"204\" height=\"192\" src=\"https:\/\/globalcargo.danielnardes.com\/wp-content\/uploads\/2025\/02\/global-cargo-contact-form-logo-decorative.png\" class=\"attachment-full size-full\" alt=\"\" \/><\/div><\/div><\/div><\/div><div class=\"wpb_column vc_column_container us_custom_af99d3c9 us_animate_this\"><div class=\"vc_column-inner\"><form class=\"w-form  contact-form layout_ver for_cform us_form_3\" autocomplete=\"off\" action=\"https:\/\/globalcargo.danielnardes.com\/es\/wp-json\/wp\/v2\/pages\/26\" method=\"post\"><div class=\"w-form-h\"><div class=\"w-form-row for_text required cols_2\">\r\n\t\t<div class=\"w-form-row-field\">\r\n\t\t\t\t\t\t<input aria-label=\"Seu nome\" type=\"text\" name=\"us_form_3_text_1\" value placeholder=\"Seu nome *\" data-required=\"true\" aria-required=\"true\"\/>\r\n\t\t\t<\/div>\r\n\t\t<div class=\"w-form-row-state\">Rellena este campo<\/div>\r\n<\/div>\r\n<div class=\"w-form-row for_email required cols_2\">\r\n\t\t<div class=\"w-form-row-field\">\r\n\t\t\t\t\t\t<input aria-label=\"E-mail\" type=\"email\" name=\"us_form_3_email_1\" value placeholder=\"E-mail *\" data-required=\"true\" aria-required=\"true\"\/>\r\n\t\t\t<\/div>\r\n\t\t<div class=\"w-form-row-state\">Por favor, introduce una direcci\u00f3n de correo electr\u00f3nico v\u00e1lida.<\/div>\r\n<\/div>\r\n<div class=\"w-form-row for_text required cols_2\">\r\n\t\t<div class=\"w-form-row-field\">\r\n\t\t\t\t\t\t<input aria-label=\"Sua empresa\" type=\"text\" name=\"us_form_3_text_2\" value placeholder=\"Sua empresa *\" data-required=\"true\" aria-required=\"true\"\/>\r\n\t\t\t<\/div>\r\n\t\t<div class=\"w-form-row-state\">Rellena este campo<\/div>\r\n<\/div>\r\n<div class=\"w-form-row for_text required cols_2\">\r\n\t\t<div class=\"w-form-row-field\">\r\n\t\t\t\t\t\t<input aria-label=\"Telefone\" type=\"text\" name=\"us_form_3_text_3\" value placeholder=\"Telefone *\" data-required=\"true\" aria-required=\"true\"\/>\r\n\t\t\t<\/div>\r\n\t\t<div class=\"w-form-row-state\">Rellena este campo<\/div>\r\n<\/div>\r\n<div class=\"w-form-row for_textarea\">\r\n\t\t<div class=\"w-form-row-field\">\r\n\t\t\t\t\t\t<textarea aria-label=\"Campo livre para coment\u00e1rios\/informar particularidades\/endere\u00e7o de coleta, etc:\" name=\"us_form_3_textarea_1\" placeholder=\"Campo livre para coment\u00e1rios\/informar particularidades\/endere\u00e7o de coleta, etc:\"><\/textarea>\r\n\t\t\t<\/div>\r\n\t\t<div class=\"w-form-row-state\">Rellena este campo<\/div>\r\n<\/div>\r\n<input type=\"hidden\" name=\"action\" value=\"us_ajax_cform\" \/>\r\n<input type=\"hidden\" name=\"post_id\" value=\"0\" \/>\r\n<input type=\"hidden\" name=\"form_index\" value=\"3\" \/>\r\n<div class=\"w-form-row for_submit align_right\">\r\n\t<div class=\"w-form-row-field\">\r\n\t\t<button class=\"w-btn  us-btn-style_5\" aria-label=\"Enviar\" type=\"submit\">\r\n\t\t\t<span class=\"g-preloader type_1\"><\/span>\r\n\t\t\t\t\t\t<span class=\"w-btn-label\">Enviar<\/span>\r\n\t\t\t\t\t<\/button>\r\n\t<\/div>\r\n<\/div>\r\n<\/div><div class=\"w-form-message\"><\/div><div class=\"w-form-json hidden\" onclick='return {&quot;ajaxurl&quot;:&quot;https:\\\/\\\/globalcargo.danielnardes.com\\\/wp-admin\\\/admin-ajax.php&quot;,&quot;messages&quot;:{&quot;err_empty&quot;:&quot;Rellena este campo&quot;,&quot;err_size&quot;:&quot;File size cannot exceed %s MB&quot;,&quot;err_extension&quot;:&quot;%s file type is not allowed&quot;}}'><\/div><\/form><\/div><\/div><\/div><\/div><\/section><section class=\"l-section wpb_row us_custom_31fe481d height_medium\"><div class=\"l-section-h i-cf\"><div class=\"g-cols vc_row via_grid cols_1 laptops-cols_inherit tablets-cols_inherit mobiles-cols_1 valign_top type_default stacking_default\"><div class=\"wpb_column vc_column_container us_custom_60e9caca us_animate_this\"><div class=\"vc_column-inner\"><h3 class=\"w-text us_custom_058139f5\"><span class=\"w-text-h\"><span class=\"w-text-value\">8400 NW 90th St \u2013 Medley \u2013 Fl\u00f3rida, FL \u2013 33166 \u2013 USA<\/span><\/span><\/h3><div class=\"w-html us_custom_41e8c0e7 contact-map\"><iframe src=\"https:\/\/www.google.com\/maps\/embed?pb=!1m18!1m12!1m3!1d4291.732445696119!2d-80.33859291355502!3d25.85403101874828!2m3!1f0!2f0!3f0!3m2!1i1024!2i768!4f13.1!3m3!1m2!1s0x88d9b9727532879f%3A0x87a4fbe98163f253!2sGlobal%20Cargo%20Corporation!5e1!3m2!1spt-BR!2sbr!4v1740489460119!5m2!1spt-BR!2sbr\" width=\"100%\" height=\"450\" style=\"border:0;\" allowfullscreen=\"\" loading=\"lazy\" referrerpolicy=\"no-referrer-when-downgrade\"><\/iframe><\/div><\/div><\/div><\/div><\/div><\/section>","protected":false},"excerpt":{"rendered":"Fale conosco e solicite um or\u00e7amentoEntre em contato com a Global Cargo atrav\u00e9s dos nossos canais de comunica\u00e7\u00e3o phone+1 (305) 513-8555mail_outlineglobalcargo@globalcargo.net Rellena este campo Por favor, introduce una direcci\u00f3n de correo electr\u00f3nico v\u00e1lida. Rellena este campo Rellena este campo Rellena este campo Enviar 8400 NW 90th St \u2013 Medley \u2013 Fl\u00f3rida, FL \u2013 33166 \u2013...","protected":false},"author":1,"featured_media":0,"parent":0,"menu_order":60,"comment_status":"closed","ping_status":"closed","template":"","meta":{"footnotes":""},"class_list":["post-26","page","type-page","status-publish","hentry"],"_links":{"self":[{"href":"https:\/\/globalcargo.danielnardes.com\/es\/wp-json\/wp\/v2\/pages\/26","targetHints":{"allow":["GET"]}}],"collection":[{"href":"https:\/\/globalcargo.danielnardes.com\/es\/wp-json\/wp\/v2\/pages"}],"about":[{"href":"https:\/\/globalcargo.danielnardes.com\/es\/wp-json\/wp\/v2\/types\/page"}],"author":[{"embeddable":true,"href":"https:\/\/globalcargo.danielnardes.com\/es\/wp-json\/wp\/v2\/users\/1"}],"replies":[{"embeddable":true,"href":"https:\/\/globalcargo.danielnardes.com\/es\/wp-json\/wp\/v2\/comments?post=26"}],"version-history":[{"count":3,"href":"https:\/\/globalcargo.danielnardes.com\/es\/wp-json\/wp\/v2\/pages\/26\/revisions"}],"predecessor-version":[{"id":5155,"href":"https:\/\/globalcargo.danielnardes.com\/es\/wp-json\/wp\/v2\/pages\/26\/revisions\/5155"}],"wp:attachment":[{"href":"https:\/\/globalcargo.danielnardes.com\/es\/wp-json\/wp\/v2\/media?parent=26"}],"curies":[{"name":"wp","href":"https:\/\/api.w.org\/{rel}","templated":true}]}}